{"id":500,"date":"2012-12-06T16:31:50","date_gmt":"2012-12-06T16:31:50","guid":{"rendered":"https:\/\/www.verkaufspferde.cz\/?page_id=500"},"modified":"2024-01-23T09:39:15","modified_gmt":"2024-01-23T08:39:15","slug":"vitejte","status":"publish","type":"page","link":"https:\/\/www.verkaufspferde.cz\/cs\/","title":{"rendered":"KON\u011a NA PRODEJ !"},"content":{"rendered":"<p style=\"text-align: left;\"><strong><a  href=\"https:\/\/mlg9yjndidub.i.optimole.com\/cb:90lg.1e5\/w:auto\/h:auto\/q:mauto\/f:best\/https:\/\/www.verkaufspferde.cz\/wp-content\/uploads\/2012\/11\/cola-hp1.jpg\" data-rel=\"lightbox-gallery-0\" data-rl_title=\"\" data-rl_caption=\"\"><img data-opt-id=2137060512  fetchpriority=\"high\" decoding=\"async\" class=\"alignleft wp-image-75\" title=\"\" src=\"https:\/\/mlg9yjndidub.i.optimole.com\/cb:90lg.1e5\/w:300\/h:226\/q:mauto\/f:best\/https:\/\/www.verkaufspferde.cz\/wp-content\/uploads\/2012\/11\/cola-hp1.jpg\" alt=\"\" width=\"169\" height=\"128\" \/><\/a><\/strong><\/p>\n<p><b>Hled\u00e1te kon\u011b? Pak jste tady spr\u00e1vn\u011b!<\/b><\/p>\n<p>Na t\u011bchto str\u00e1nk\u00e1ch najdete kompletn\u00ed p\u0159ehled kon\u00ed na prodej, kter\u00e9 V\u00e1m v tuhle chv\u00edli mohu nab\u00eddnout.<\/p>\n<p>Nez\u00e1le\u017e\u00ed na tom, jestli jste za\u010d\u00ednaj\u00edc\u00ed nebo pokro\u010dil\u00fd jezdec &#8211; pokus\u00edm se vybrat kon\u011b, kter\u00fd bude vyhovovat Va\u0161im po\u017eadavk\u016fm a finan\u010dn\u00edm mo\u017enostem.<\/p>\n<p>Kontaktujte m\u011b, pros\u00edm, emailem a popi\u0161te jakou m\u00e1te p\u0159edstavu o sv\u00e9m budouc\u00edm koni \u2013 jak\u00e9 jsou Va\u0161e zku\u0161enosti, ambice a v jak\u00e9 cenov\u00e9 kategorii budeme hledat. Sestav\u00edm V\u00e1m nab\u00eddku p\u0159\u00edmo na m\u00edru.<\/p>\n<p>Tereza Bezroukov\u00e1<\/p>\n<p style=\"text-align: left;\"><strong>\u00a0<\/strong><\/p>\n<p><span style=\"border-top-left-radius: 2px; border-top-right-radius: 2px; border-bottom-right-radius: 2px; border-bottom-left-radius: 2px; text-indent: 20px; width: auto; padding: 0px 4px 0px 0px; text-align: center; font-style: normal; font-variant-caps: normal; font-weight: bold; font-stretch: normal; font-size: 11px; line-height: 20px; font-family: 'Helvetica Neue', Helvetica, sans-serif; color: #ffffff; background-image: url(data:image\/svg+xml; base64,phn2zyb4bwxucz0iahr0cdovl3d3dy53my5vcmcvmjawmc9zdmciighlawdodd0imzbwecigd2lkdgg9ijmwchgiihzpzxdcb3g9ii0xic0xidmxidmxij48zz48cgf0acbkpsjnmjkundq5lde0ljy2mibdmjkundq5ldiyljcymiaymi44njgsmjkumju2ide0ljc1ldi5lji1nibdni42mzismjkumju2idaumduxldiyljcymiawlja1mswxnc42njigqzaumduxldyunjaxidyunjmyldaumdy3ide0ljc1ldaumdy3iemymi44njgsmc4wnjcgmjkundq5ldyunjaxidi5ljq0oswxnc42njiiigzpbgw9iinmzmyiihn0cm9rzt0ii2zmziigc3ryb2tllxdpzhropsixij48l3bhdgg+phbhdgggzd0itte0ljczmywxljy4nibdny41mtysms42odygms42njusny40otugms42njusmtqunjyyiemxljy2nswymc4xntkgns4xmdksmjquodu0idkuotcsmjyunzq0iem5ljg1niwyns43mtggos43ntmsmjqumtqzidewljaxniwymy4wmjigqzewlji1mywymi4wmsaxms41ndgsmtyuntcyidexlju0ocwxni41nzigqzexlju0ocwxni41nzigmteumtu3lde1ljc5nsaxms4xntcsmtqunjq2iemxms4xntcsmtiuodqyideyljixmswxms40otugmtmuntiyldexljq5nsbdmtqunjm3ldexljq5nsaxns4xnzusmtiumzi2ide1lje3nswxmy4zmjmgqze1lje3nswxnc40mzygmtqundyylde2ljegmtqumdkzlde3ljy0mybdmtmunzg1lde4ljkznsaxnc43ndusmtkuotg4ide2ljayocwxos45odggqze4ljm1mswxos45odggmjaumtm2lde3lju1niaymc4xmzysmtqumdq2iemymc4xmzysmtauotm5ide3ljg4ocw4ljc2nyaxnc42nzgsoc43njcgqzewljk1osw4ljc2nya4ljc3nywxms41mzygoc43nzcsmtqumzk4iem4ljc3nywxns41mtmgos4ymswxni43mdkgos43ndksmtcumzu5iem5ljg1niwxny40odggos44nzismtcunia5ljg0lde3ljczmsbdos43ndesmtgumtqxidkuntismtkumdizidkundc3lde5ljiwmybdos40miwxos40nca5lji4ocwxos40otegos4wncwxos4znzygqzcunda4lde4ljyymia2ljm4nywxni4yntigni4zodcsmtqumzq5iem2ljm4nywxmc4yntygos4zodmsni40otcgmtuumdiyldyundk3iemxos41ntusni40otcgmjmumdc4ldkunza1idizlja3ocwxmy45otegqzizlja3ocwxoc40njmgmjaumjm5ldiylja2miaxni4yotcsmjiumdyyiemxnc45nzmsmjiumdyyidezljcyocwyms4znzkgmtmumzayldiwlju3mibdmtmumzayldiwlju3miaxmi42ndcsmjmumdugmtiundg4ldizljy1nybdmtiumtkzldi0ljc4ncaxms4zotysmjyumtk2idewljg2mywyny4wntggqzeylja4niwyny40mzqgmtmumzg2ldi3ljyznyaxnc43mzmsmjcunjm3iemyms45nswyny42mzcgmjcuodaxldixljgyocayny44mdesmtqunjyyiemyny44mdesny40otugmjeuotusms42odygmtqunzmzldeunjg2iibmawxspsijymqwodfjij48l3bhdgg+pc9npjwvc3znpg==); background-size: 14px 14px; background-color: #bd081c; position: absolute; opacity: 1; z-index: 8675309; display: none; cursor: pointer; border: none; -webkit-font-smoothing: antialiased; background-position: 3px 50%; background-repeat: no-repeat no-repeat;\">Ulo\u017eit<\/span><span style=\"border-top-left-radius: 2px; border-top-right-radius: 2px; border-bottom-right-radius: 2px; border-bottom-left-radius: 2px; text-indent: 20px; width: auto; padding: 0px 4px 0px 0px; text-align: center; font-style: normal; font-variant-caps: normal; font-weight: bold; font-stretch: normal; font-size: 11px; line-height: 20px; font-family: 'Helvetica Neue', Helvetica, sans-serif; color: #ffffff; background-image: url(data:image\/svg+xml; base64,phn2zyb4bwxucz0iahr0cdovl3d3dy53my5vcmcvmjawmc9zdmciighlawdodd0imzbwecigd2lkdgg9ijmwchgiihzpzxdcb3g9ii0xic0xidmxidmxij48zz48cgf0acbkpsjnmjkundq5lde0ljy2mibdmjkundq5ldiyljcymiaymi44njgsmjkumju2ide0ljc1ldi5lji1nibdni42mzismjkumju2idaumduxldiyljcymiawlja1mswxnc42njigqzaumduxldyunjaxidyunjmyldaumdy3ide0ljc1ldaumdy3iemymi44njgsmc4wnjcgmjkundq5ldyunjaxidi5ljq0oswxnc42njiiigzpbgw9iinmzmyiihn0cm9rzt0ii2zmziigc3ryb2tllxdpzhropsixij48l3bhdgg+phbhdgggzd0itte0ljczmywxljy4nibdny41mtysms42odygms42njusny40otugms42njusmtqunjyyiemxljy2nswymc4xntkgns4xmdksmjquodu0idkuotcsmjyunzq0iem5ljg1niwyns43mtggos43ntmsmjqumtqzidewljaxniwymy4wmjigqzewlji1mywymi4wmsaxms41ndgsmtyuntcyidexlju0ocwxni41nzigqzexlju0ocwxni41nzigmteumtu3lde1ljc5nsaxms4xntcsmtqunjq2iemxms4xntcsmtiuodqyideyljixmswxms40otugmtmuntiyldexljq5nsbdmtqunjm3ldexljq5nsaxns4xnzusmtiumzi2ide1lje3nswxmy4zmjmgqze1lje3nswxnc40mzygmtqundyylde2ljegmtqumdkzlde3ljy0mybdmtmunzg1lde4ljkznsaxnc43ndusmtkuotg4ide2ljayocwxos45odggqze4ljm1mswxos45odggmjaumtm2lde3lju1niaymc4xmzysmtqumdq2iemymc4xmzysmtauotm5ide3ljg4ocw4ljc2nyaxnc42nzgsoc43njcgqzewljk1osw4ljc2nya4ljc3nywxms41mzygoc43nzcsmtqumzk4iem4ljc3nywxns41mtmgos4ymswxni43mdkgos43ndksmtcumzu5iem5ljg1niwxny40odggos44nzismtcunia5ljg0lde3ljczmsbdos43ndesmtgumtqxidkuntismtkumdizidkundc3lde5ljiwmybdos40miwxos40nca5lji4ocwxos40otegos4wncwxos4znzygqzcunda4lde4ljyymia2ljm4nywxni4yntigni4zodcsmtqumzq5iem2ljm4nywxmc4yntygos4zodmsni40otcgmtuumdiyldyundk3iemxos41ntusni40otcgmjmumdc4ldkunza1idizlja3ocwxmy45otegqzizlja3ocwxoc40njmgmjaumjm5ldiylja2miaxni4yotcsmjiumdyyiemxnc45nzmsmjiumdyyidezljcyocwyms4znzkgmtmumzayldiwlju3mibdmtmumzayldiwlju3miaxmi42ndcsmjmumdugmtiundg4ldizljy1nybdmtiumtkzldi0ljc4ncaxms4zotysmjyumtk2idewljg2mywyny4wntggqzeylja4niwyny40mzqgmtmumzg2ldi3ljyznyaxnc43mzmsmjcunjm3iemyms45nswyny42mzcgmjcuodaxldixljgyocayny44mdesmtqunjyyiemyny44mdesny40otugmjeuotusms42odygmtqunzmzldeunjg2iibmawxspsijymqwodfjij48l3bhdgg+pc9npjwvc3znpg==); background-size: 14px 14px; background-color: #bd081c; position: absolute; opacity: 1; z-index: 8675309; display: none; cursor: pointer; border: none; -webkit-font-smoothing: antialiased; background-position: 3px 50%; background-repeat: no-repeat no-repeat;\">Ulo\u017eit<\/span><\/p>\n","protected":false},"excerpt":{"rendered":"<p>\nHled\u00e1te kon\u011b? Pak jste tady spr\u00e1vn\u011b!<br \/>\nNa t\u011bchto str\u00e1nk\u00e1ch najdete kompletn\u00ed p\u0159ehled kon\u00ed na prodej, kter\u00e9 V\u00e1m v tuhle &#8230;<\/p>\n","protected":false},"author":2,"featured_media":75,"parent":0,"menu_order":0,"comment_status":"open","ping_status":"closed","template":"","meta":{"_acf_changed":false,"footnotes":""},"class_list":["post-500","page","type-page","status-publish","has-post-thumbnail","hentry"],"acf":[],"yoast_head":"<!-- This site is optimized with the Yoast SEO plugin v27.1.1 - https:\/\/yoast.com\/product\/yoast-seo-wordpress\/ -->\n<title>KON\u011a NA PRODEJ ! - Verkaufspferde.cz<\/title>\n<meta name=\"description\" content=\"Hled\u00e1te kon\u011b na parkur, drezuru nebo v\u0161estrannost? Pak jste tu spr\u00e1vn\u011b. Nab\u00edz\u00edm kon\u011b od prov\u011b\u0159en\u00fdch chovatel\u016f z prokazatelnou histori\u00ed a zdravotn\u00edm stavem. Dok\u00e1\u017eu pomoci i s hled\u00e1n\u00edm kon\u011b na m\u00edru po cel\u00e9 Evrop\u011b.\" \/>\n<meta name=\"robots\" content=\"index, follow, max-snippet:-1, max-image-preview:large, max-video-preview:-1\" \/>\n<link rel=\"canonical\" href=\"https:\/\/www.verkaufspferde.cz\/cs\/\" \/>\n<meta property=\"og:locale\" content=\"cs_CZ\" \/>\n<meta property=\"og:type\" content=\"article\" \/>\n<meta property=\"og:title\" content=\"KON\u011a NA PRODEJ ! - Verkaufspferde.cz\" \/>\n<meta property=\"og:description\" content=\"Hled\u00e1te kon\u011b na parkur, drezuru nebo v\u0161estrannost? Pak jste tu spr\u00e1vn\u011b. Nab\u00edz\u00edm kon\u011b od prov\u011b\u0159en\u00fdch chovatel\u016f z prokazatelnou histori\u00ed a zdravotn\u00edm stavem. Dok\u00e1\u017eu pomoci i s hled\u00e1n\u00edm kon\u011b na m\u00edru po cel\u00e9 Evrop\u011b.\" \/>\n<meta property=\"og:url\" content=\"https:\/\/www.verkaufspferde.cz\/cs\/\" \/>\n<meta property=\"og:site_name\" content=\"Verkaufspferde.cz\" \/>\n<meta property=\"article:modified_time\" content=\"2024-01-23T08:39:15+00:00\" \/>\n<meta property=\"og:image\" content=\"https:\/\/mlg9yjndidub.i.optimole.com\/cb:90lg.1e5\/w:auto\/h:auto\/q:mauto\/f:best\/https:\/\/www.verkaufspferde.cz\/wp-content\/uploads\/2023\/10\/ide1.jpg\" \/>\n\t<meta property=\"og:image:width\" content=\"2048\" \/>\n\t<meta property=\"og:image:height\" content=\"1426\" \/>\n\t<meta property=\"og:image:type\" content=\"image\/jpeg\" \/>\n<meta name=\"twitter:card\" content=\"summary_large_image\" \/>\n<meta name=\"twitter:label1\" content=\"Odhadovan\u00e1 doba \u010dten\u00ed\" \/>\n\t<meta name=\"twitter:data1\" content=\"3 minuty\" \/>\n<script type=\"application\/ld+json\" class=\"yoast-schema-graph\">{\"@context\":\"https:\/\/schema.org\",\"@graph\":[{\"@type\":\"WebPage\",\"@id\":\"https:\/\/www.verkaufspferde.cz\/cs\/\",\"url\":\"https:\/\/www.verkaufspferde.cz\/cs\/\",\"name\":\"KON\u011a NA PRODEJ ! - Verkaufspferde.cz\",\"isPartOf\":{\"@id\":\"https:\/\/www.verkaufspferde.cz\/cs\/#website\"},\"primaryImageOfPage\":{\"@id\":\"https:\/\/www.verkaufspferde.cz\/cs\/#primaryimage\"},\"image\":{\"@id\":\"https:\/\/www.verkaufspferde.cz\/cs\/#primaryimage\"},\"thumbnailUrl\":\"https:\/\/mlg9yjndidub.i.optimole.com\/cb:90lg.1e5\/w:auto\/h:auto\/q:mauto\/f:best\/https:\/\/www.verkaufspferde.cz\/wp-content\/uploads\/2012\/11\/cola-hp1.jpg\",\"datePublished\":\"2012-12-06T16:31:50+00:00\",\"dateModified\":\"2024-01-23T08:39:15+00:00\",\"description\":\"Hled\u00e1te kon\u011b na parkur, drezuru nebo v\u0161estrannost? Pak jste tu spr\u00e1vn\u011b. Nab\u00edz\u00edm kon\u011b od prov\u011b\u0159en\u00fdch chovatel\u016f z prokazatelnou histori\u00ed a zdravotn\u00edm stavem. Dok\u00e1\u017eu pomoci i s hled\u00e1n\u00edm kon\u011b na m\u00edru po cel\u00e9 Evrop\u011b.\",\"breadcrumb\":{\"@id\":\"https:\/\/www.verkaufspferde.cz\/cs\/#breadcrumb\"},\"inLanguage\":\"cs\",\"potentialAction\":[{\"@type\":\"ReadAction\",\"target\":[\"https:\/\/www.verkaufspferde.cz\/cs\/\"]}]},{\"@type\":\"ImageObject\",\"inLanguage\":\"cs\",\"@id\":\"https:\/\/www.verkaufspferde.cz\/cs\/#primaryimage\",\"url\":\"https:\/\/mlg9yjndidub.i.optimole.com\/cb:90lg.1e5\/w:auto\/h:auto\/q:mauto\/f:best\/https:\/\/www.verkaufspferde.cz\/wp-content\/uploads\/2012\/11\/cola-hp1.jpg\",\"contentUrl\":\"https:\/\/mlg9yjndidub.i.optimole.com\/cb:90lg.1e5\/w:auto\/h:auto\/q:mauto\/f:best\/https:\/\/www.verkaufspferde.cz\/wp-content\/uploads\/2012\/11\/cola-hp1.jpg\",\"width\":640,\"height\":484},{\"@type\":\"BreadcrumbList\",\"@id\":\"https:\/\/www.verkaufspferde.cz\/cs\/#breadcrumb\",\"itemListElement\":[{\"@type\":\"ListItem\",\"position\":1,\"name\":\"Home\",\"item\":\"https:\/\/www.verkaufspferde.cz\/cs\/\"},{\"@type\":\"ListItem\",\"position\":2,\"name\":\"KON\u011a NA PRODEJ !\"}]},{\"@type\":\"WebSite\",\"@id\":\"https:\/\/www.verkaufspferde.cz\/cs\/#website\",\"url\":\"https:\/\/www.verkaufspferde.cz\/cs\/\",\"name\":\"Verkaufspferde.cz\",\"description\":\"Tereza Bezrouk\",\"potentialAction\":[{\"@type\":\"SearchAction\",\"target\":{\"@type\":\"EntryPoint\",\"urlTemplate\":\"https:\/\/www.verkaufspferde.cz\/cs\/?s={search_term_string}\"},\"query-input\":{\"@type\":\"PropertyValueSpecification\",\"valueRequired\":true,\"valueName\":\"search_term_string\"}}],\"inLanguage\":\"cs\"}]}<\/script>\n<!-- \/ Yoast SEO plugin. -->","yoast_head_json":{"title":"KON\u011a NA PRODEJ ! - Verkaufspferde.cz","description":"Hled\u00e1te kon\u011b na parkur, drezuru nebo v\u0161estrannost? Pak jste tu spr\u00e1vn\u011b. Nab\u00edz\u00edm kon\u011b od prov\u011b\u0159en\u00fdch chovatel\u016f z prokazatelnou histori\u00ed a zdravotn\u00edm stavem. Dok\u00e1\u017eu pomoci i s hled\u00e1n\u00edm kon\u011b na m\u00edru po cel\u00e9 Evrop\u011b.","robots":{"index":"index","follow":"follow","max-snippet":"max-snippet:-1","max-image-preview":"max-image-preview:large","max-video-preview":"max-video-preview:-1"},"canonical":"https:\/\/www.verkaufspferde.cz\/cs\/","og_locale":"cs_CZ","og_type":"article","og_title":"KON\u011a NA PRODEJ ! - Verkaufspferde.cz","og_description":"Hled\u00e1te kon\u011b na parkur, drezuru nebo v\u0161estrannost? Pak jste tu spr\u00e1vn\u011b. Nab\u00edz\u00edm kon\u011b od prov\u011b\u0159en\u00fdch chovatel\u016f z prokazatelnou histori\u00ed a zdravotn\u00edm stavem. Dok\u00e1\u017eu pomoci i s hled\u00e1n\u00edm kon\u011b na m\u00edru po cel\u00e9 Evrop\u011b.","og_url":"https:\/\/www.verkaufspferde.cz\/cs\/","og_site_name":"Verkaufspferde.cz","article_modified_time":"2024-01-23T08:39:15+00:00","og_image":[{"width":2048,"height":1426,"url":"https:\/\/mlg9yjndidub.i.optimole.com\/cb:90lg.1e5\/w:auto\/h:auto\/q:mauto\/f:best\/https:\/\/www.verkaufspferde.cz\/wp-content\/uploads\/2023\/10\/ide1.jpg","type":"image\/jpeg"}],"twitter_card":"summary_large_image","twitter_misc":{"Odhadovan\u00e1 doba \u010dten\u00ed":"3 minuty"},"schema":{"@context":"https:\/\/schema.org","@graph":[{"@type":"WebPage","@id":"https:\/\/www.verkaufspferde.cz\/cs\/","url":"https:\/\/www.verkaufspferde.cz\/cs\/","name":"KON\u011a NA PRODEJ ! - Verkaufspferde.cz","isPartOf":{"@id":"https:\/\/www.verkaufspferde.cz\/cs\/#website"},"primaryImageOfPage":{"@id":"https:\/\/www.verkaufspferde.cz\/cs\/#primaryimage"},"image":{"@id":"https:\/\/www.verkaufspferde.cz\/cs\/#primaryimage"},"thumbnailUrl":"https:\/\/mlg9yjndidub.i.optimole.com\/cb:90lg.1e5\/w:auto\/h:auto\/q:mauto\/f:best\/https:\/\/www.verkaufspferde.cz\/wp-content\/uploads\/2012\/11\/cola-hp1.jpg","datePublished":"2012-12-06T16:31:50+00:00","dateModified":"2024-01-23T08:39:15+00:00","description":"Hled\u00e1te kon\u011b na parkur, drezuru nebo v\u0161estrannost? Pak jste tu spr\u00e1vn\u011b. Nab\u00edz\u00edm kon\u011b od prov\u011b\u0159en\u00fdch chovatel\u016f z prokazatelnou histori\u00ed a zdravotn\u00edm stavem. Dok\u00e1\u017eu pomoci i s hled\u00e1n\u00edm kon\u011b na m\u00edru po cel\u00e9 Evrop\u011b.","breadcrumb":{"@id":"https:\/\/www.verkaufspferde.cz\/cs\/#breadcrumb"},"inLanguage":"cs","potentialAction":[{"@type":"ReadAction","target":["https:\/\/www.verkaufspferde.cz\/cs\/"]}]},{"@type":"ImageObject","inLanguage":"cs","@id":"https:\/\/www.verkaufspferde.cz\/cs\/#primaryimage","url":"https:\/\/mlg9yjndidub.i.optimole.com\/cb:90lg.1e5\/w:auto\/h:auto\/q:mauto\/f:best\/https:\/\/www.verkaufspferde.cz\/wp-content\/uploads\/2012\/11\/cola-hp1.jpg","contentUrl":"https:\/\/mlg9yjndidub.i.optimole.com\/cb:90lg.1e5\/w:auto\/h:auto\/q:mauto\/f:best\/https:\/\/www.verkaufspferde.cz\/wp-content\/uploads\/2012\/11\/cola-hp1.jpg","width":640,"height":484},{"@type":"BreadcrumbList","@id":"https:\/\/www.verkaufspferde.cz\/cs\/#breadcrumb","itemListElement":[{"@type":"ListItem","position":1,"name":"Home","item":"https:\/\/www.verkaufspferde.cz\/cs\/"},{"@type":"ListItem","position":2,"name":"KON\u011a NA PRODEJ !"}]},{"@type":"WebSite","@id":"https:\/\/www.verkaufspferde.cz\/cs\/#website","url":"https:\/\/www.verkaufspferde.cz\/cs\/","name":"Verkaufspferde.cz","description":"Tereza Bezrouk","potentialAction":[{"@type":"SearchAction","target":{"@type":"EntryPoint","urlTemplate":"https:\/\/www.verkaufspferde.cz\/cs\/?s={search_term_string}"},"query-input":{"@type":"PropertyValueSpecification","valueRequired":true,"valueName":"search_term_string"}}],"inLanguage":"cs"}]}},"_links":{"self":[{"href":"https:\/\/www.verkaufspferde.cz\/cs\/wp-json\/wp\/v2\/pages\/500","targetHints":{"allow":["GET"]}}],"collection":[{"href":"https:\/\/www.verkaufspferde.cz\/cs\/wp-json\/wp\/v2\/pages"}],"about":[{"href":"https:\/\/www.verkaufspferde.cz\/cs\/wp-json\/wp\/v2\/types\/page"}],"author":[{"embeddable":true,"href":"https:\/\/www.verkaufspferde.cz\/cs\/wp-json\/wp\/v2\/users\/2"}],"replies":[{"embeddable":true,"href":"https:\/\/www.verkaufspferde.cz\/cs\/wp-json\/wp\/v2\/comments?post=500"}],"version-history":[{"count":25,"href":"https:\/\/www.verkaufspferde.cz\/cs\/wp-json\/wp\/v2\/pages\/500\/revisions"}],"predecessor-version":[{"id":16037,"href":"https:\/\/www.verkaufspferde.cz\/cs\/wp-json\/wp\/v2\/pages\/500\/revisions\/16037"}],"wp:featuredmedia":[{"embeddable":true,"href":"https:\/\/www.verkaufspferde.cz\/cs\/wp-json\/wp\/v2\/media\/75"}],"wp:attachment":[{"href":"https:\/\/www.verkaufspferde.cz\/cs\/wp-json\/wp\/v2\/media?parent=500"}],"curies":[{"name":"wp","href":"https:\/\/api.w.org\/{rel}","templated":true}]}}