{"id":494,"date":"2012-12-06T16:28:43","date_gmt":"2012-12-06T16:28:43","guid":{"rendered":"https:\/\/www.verkaufspferde.cz\/?page_id=494"},"modified":"2019-09-04T19:34:09","modified_gmt":"2019-09-04T17:34:09","slug":"kontakt","status":"publish","type":"page","link":"https:\/\/www.verkaufspferde.cz\/cs\/kontakt\/","title":{"rendered":"Kontakt"},"content":{"rendered":"<h3>TEREZA BEZROUKOV\u00c1<\/h3>\n<h3>TEL.: +420 602 862 723<\/h3>\n<h4>E-MAIL:<\/h4>\n<p>info@verkaufspferde.cz<\/p>\n<p>info@horsesforsale.cz<\/p>\n<h4>KORESPONDEN\u010cN\u00cd ADRESA:<\/h4>\n<p>Tereza Bezroukov\u00e1<\/p>\n<p>Zem\u011bd\u011blsk\u00e1 1574\/6<\/p>\n<p>16000 Praha 6<\/p>\n<p>&nbsp;<\/p>\n","protected":false},"excerpt":{"rendered":"<p>TEREZA BEZROUKOV\u00c1<br \/>\nTEL.: +420 602 862 723<br \/>\nE-MAIL:<br \/>\ninfo@verkaufspferde.cz<br \/>\ninfo@horsesforsale.cz<br \/>\nKORESPONDEN\u010cN\u00cd ADRESA:<br \/>\nTereza Bezroukov\u00e1<br \/>\nZem\u011bd\u011blsk\u00e1 1574\/6<br \/>\n16000 Praha 6<br \/>\n&nbsp;<br ...\n<\/p>\n","protected":false},"author":2,"featured_media":0,"parent":0,"menu_order":0,"comment_status":"open","ping_status":"open","template":"page-templates\/template-contact.php","meta":{"_acf_changed":false,"footnotes":""},"class_list":["post-494","page","type-page","status-publish","hentry"],"acf":[],"yoast_head":"<!-- This site is optimized with the Yoast SEO plugin v27.1.1 - https:\/\/yoast.com\/product\/yoast-seo-wordpress\/ -->\n<title>Kontakt - Verkaufspferde.cz<\/title>\n<meta name=\"robots\" content=\"index, follow, max-snippet:-1, max-image-preview:large, max-video-preview:-1\" \/>\n<link rel=\"canonical\" href=\"https:\/\/www.verkaufspferde.cz\/cs\/kontakt\/\" \/>\n<meta property=\"og:locale\" content=\"cs_CZ\" \/>\n<meta property=\"og:type\" content=\"article\" \/>\n<meta property=\"og:title\" content=\"Kontakt - Verkaufspferde.cz\" \/>\n<meta property=\"og:description\" content=\"TEREZA BEZROUKOV\u00c1 TEL.: +420 602 862 723 E-MAIL: info@verkaufspferde.cz info@horsesforsale.cz KORESPONDEN\u010cN\u00cd ADRESA: Tereza Bezroukov\u00e1 Zem\u011bd\u011blsk\u00e1 1574\/6 16000 Praha 6 &nbsp;\" \/>\n<meta property=\"og:url\" content=\"https:\/\/www.verkaufspferde.cz\/cs\/kontakt\/\" \/>\n<meta property=\"og:site_name\" content=\"Verkaufspferde.cz\" \/>\n<meta property=\"article:modified_time\" content=\"2019-09-04T17:34:09+00:00\" \/>\n<meta name=\"twitter:card\" content=\"summary_large_image\" \/>\n<script type=\"application\/ld+json\" class=\"yoast-schema-graph\">{\"@context\":\"https:\/\/schema.org\",\"@graph\":[{\"@type\":\"WebPage\",\"@id\":\"https:\/\/www.verkaufspferde.cz\/cs\/kontakt\/\",\"url\":\"https:\/\/www.verkaufspferde.cz\/cs\/kontakt\/\",\"name\":\"Kontakt - Verkaufspferde.cz\",\"isPartOf\":{\"@id\":\"https:\/\/www.verkaufspferde.cz\/cs\/#website\"},\"datePublished\":\"2012-12-06T16:28:43+00:00\",\"dateModified\":\"2019-09-04T17:34:09+00:00\",\"breadcrumb\":{\"@id\":\"https:\/\/www.verkaufspferde.cz\/cs\/kontakt\/#breadcrumb\"},\"inLanguage\":\"cs\",\"potentialAction\":[{\"@type\":\"ReadAction\",\"target\":[\"https:\/\/www.verkaufspferde.cz\/cs\/kontakt\/\"]}]},{\"@type\":\"BreadcrumbList\",\"@id\":\"https:\/\/www.verkaufspferde.cz\/cs\/kontakt\/#breadcrumb\",\"itemListElement\":[{\"@type\":\"ListItem\",\"position\":1,\"name\":\"Home\",\"item\":\"https:\/\/www.verkaufspferde.cz\/cs\/\"},{\"@type\":\"ListItem\",\"position\":2,\"name\":\"Kontakt\"}]},{\"@type\":\"WebSite\",\"@id\":\"https:\/\/www.verkaufspferde.cz\/cs\/#website\",\"url\":\"https:\/\/www.verkaufspferde.cz\/cs\/\",\"name\":\"Verkaufspferde.cz\",\"description\":\"Tereza Bezrouk\",\"potentialAction\":[{\"@type\":\"SearchAction\",\"target\":{\"@type\":\"EntryPoint\",\"urlTemplate\":\"https:\/\/www.verkaufspferde.cz\/cs\/?s={search_term_string}\"},\"query-input\":{\"@type\":\"PropertyValueSpecification\",\"valueRequired\":true,\"valueName\":\"search_term_string\"}}],\"inLanguage\":\"cs\"}]}<\/script>\n<!-- \/ Yoast SEO plugin. -->","yoast_head_json":{"title":"Kontakt - Verkaufspferde.cz","robots":{"index":"index","follow":"follow","max-snippet":"max-snippet:-1","max-image-preview":"max-image-preview:large","max-video-preview":"max-video-preview:-1"},"canonical":"https:\/\/www.verkaufspferde.cz\/cs\/kontakt\/","og_locale":"cs_CZ","og_type":"article","og_title":"Kontakt - Verkaufspferde.cz","og_description":"TEREZA BEZROUKOV\u00c1 TEL.: +420 602 862 723 E-MAIL: info@verkaufspferde.cz info@horsesforsale.cz KORESPONDEN\u010cN\u00cd ADRESA: Tereza Bezroukov\u00e1 Zem\u011bd\u011blsk\u00e1 1574\/6 16000 Praha 6 &nbsp;","og_url":"https:\/\/www.verkaufspferde.cz\/cs\/kontakt\/","og_site_name":"Verkaufspferde.cz","article_modified_time":"2019-09-04T17:34:09+00:00","twitter_card":"summary_large_image","schema":{"@context":"https:\/\/schema.org","@graph":[{"@type":"WebPage","@id":"https:\/\/www.verkaufspferde.cz\/cs\/kontakt\/","url":"https:\/\/www.verkaufspferde.cz\/cs\/kontakt\/","name":"Kontakt - Verkaufspferde.cz","isPartOf":{"@id":"https:\/\/www.verkaufspferde.cz\/cs\/#website"},"datePublished":"2012-12-06T16:28:43+00:00","dateModified":"2019-09-04T17:34:09+00:00","breadcrumb":{"@id":"https:\/\/www.verkaufspferde.cz\/cs\/kontakt\/#breadcrumb"},"inLanguage":"cs","potentialAction":[{"@type":"ReadAction","target":["https:\/\/www.verkaufspferde.cz\/cs\/kontakt\/"]}]},{"@type":"BreadcrumbList","@id":"https:\/\/www.verkaufspferde.cz\/cs\/kontakt\/#breadcrumb","itemListElement":[{"@type":"ListItem","position":1,"name":"Home","item":"https:\/\/www.verkaufspferde.cz\/cs\/"},{"@type":"ListItem","position":2,"name":"Kontakt"}]},{"@type":"WebSite","@id":"https:\/\/www.verkaufspferde.cz\/cs\/#website","url":"https:\/\/www.verkaufspferde.cz\/cs\/","name":"Verkaufspferde.cz","description":"Tereza Bezrouk","potentialAction":[{"@type":"SearchAction","target":{"@type":"EntryPoint","urlTemplate":"https:\/\/www.verkaufspferde.cz\/cs\/?s={search_term_string}"},"query-input":{"@type":"PropertyValueSpecification","valueRequired":true,"valueName":"search_term_string"}}],"inLanguage":"cs"}]}},"_links":{"self":[{"href":"https:\/\/www.verkaufspferde.cz\/cs\/wp-json\/wp\/v2\/pages\/494","targetHints":{"allow":["GET"]}}],"collection":[{"href":"https:\/\/www.verkaufspferde.cz\/cs\/wp-json\/wp\/v2\/pages"}],"about":[{"href":"https:\/\/www.verkaufspferde.cz\/cs\/wp-json\/wp\/v2\/types\/page"}],"author":[{"embeddable":true,"href":"https:\/\/www.verkaufspferde.cz\/cs\/wp-json\/wp\/v2\/users\/2"}],"replies":[{"embeddable":true,"href":"https:\/\/www.verkaufspferde.cz\/cs\/wp-json\/wp\/v2\/comments?post=494"}],"version-history":[{"count":12,"href":"https:\/\/www.verkaufspferde.cz\/cs\/wp-json\/wp\/v2\/pages\/494\/revisions"}],"predecessor-version":[{"id":10890,"href":"https:\/\/www.verkaufspferde.cz\/cs\/wp-json\/wp\/v2\/pages\/494\/revisions\/10890"}],"wp:attachment":[{"href":"https:\/\/www.verkaufspferde.cz\/cs\/wp-json\/wp\/v2\/media?parent=494"}],"curies":[{"name":"wp","href":"https:\/\/api.w.org\/{rel}","templated":true}]}}